{"id":1508,"date":"2026-04-02T19:36:05","date_gmt":"2026-04-02T19:36:05","guid":{"rendered":"https:\/\/www.theconsciousfeed.com\/?page_id=1508"},"modified":"2026-04-21T11:26:53","modified_gmt":"2026-04-21T11:26:53","slug":"fr-votre-cerveau-a-lere-numerique","status":"publish","type":"page","link":"https:\/\/www.theconsciousfeed.com\/fr\/fr-votre-cerveau-a-lere-numerique\/","title":{"rendered":"Votre cerveau \u00e0 l\u2019\u00e8re num\u00e9rique"},"content":{"rendered":"\t\t<div data-elementor-type=\"wp-page\" data-elementor-id=\"1508\" class=\"elementor elementor-1508\">\n\t\t\t\t<div class=\"elementor-element elementor-element-3a09471 e-flex e-con-boxed e-con e-parent\" data-id=\"3a09471\" data-element_type=\"container\" data-e-type=\"container\">\n\t\t\t\t\t<div class=\"e-con-inner\">\n\t\t\t\t<div class=\"elementor-element elementor-element-f4c1fde elementor-widget elementor-widget-html\" data-id=\"f4c1fde\" data-element_type=\"widget\" data-e-type=\"widget\" data-widget_type=\"html.default\">\n\t\t\t\t<div class=\"elementor-widget-container\">\n\t\t\t\t\t<div class=\"tcf-page\">\r\n\r\n  <section class=\"tcf-hero\">\r\n    <div class=\"tcf-wrap\">\r\n      <span class=\"tcf-eyebrow\">Ebook 2<\/span>\r\n      <h1>Votre cerveau \u00e0 l\u2019\u00e8re num\u00e9rique<\/h1>\r\n      <p class=\"tcf-lead\">Un ebook pour comprendre comment l\u2019hyperconnexion fragilise l\u2019attention, la concentration et la clart\u00e9 mentale \u2014 et retrouver un esprit plus stable, moins sursollicit\u00e9.<\/p>\r\n      <div class=\"tcf-actions\">\r\n        <a class=\"tcf-btn tcf-btn-primary\" href=\"https:\/\/shop.theconsciousfeed.com\/paiement-votre-cerveau-a-lere-numerique\">Acheter cet ebook<\/a>\r\n        <a class=\"tcf-btn tcf-btn-secondary\" href=\"https:\/\/shop.theconsciousfeed.com\/7-jours-dompter-vos-ecrans\">T\u00e9l\u00e9charger le guide gratuit<\/a>\r\n      <\/div>\r\n    <\/div>\r\n  <\/section>\r\n\r\n  <section class=\"tcf-section\">\r\n    <div class=\"tcf-wrap\">\r\n      <div class=\"tcf-grid-2\">\r\n        <div>\r\n          <span class=\"tcf-label\">Pour qui ?<\/span>\r\n          <h2>Pour les personnes qui se sentent mentalement dispers\u00e9es<\/h2>\r\n          <p>Vous avez du mal \u00e0 rester concentr\u00e9(e), vous ressentez une fatigue cognitive diffuse, et vous avez l\u2019impression que votre cerveau reste constamment \u201couvert\u201d.<\/p>\r\n          <p>Cet ebook met des mots sur ce que vous vivez et vous aide \u00e0 comprendre les effets invisibles de l\u2019hyperconnexion sur vos capacit\u00e9s mentales.<\/p>\r\n        <\/div>\r\n        <div class=\"tcf-card\">\r\n          <h3>Ce que vous allez comprendre<\/h3>\r\n          <ul class=\"tcf-checks\">\r\n            <li>Pourquoi l\u2019attention se fragilise<\/li>\r\n            <li>Comment la surcharge cognitive s\u2019installe<\/li>\r\n            <li>Pourquoi le cerveau reste en tension permanente<\/li>\r\n            <li>Comment retrouver plus de clart\u00e9 et de stabilit\u00e9<\/li>\r\n          <\/ul>\r\n        <\/div>\r\n      <\/div>\r\n    <\/div>\r\n  <\/section>\r\n\r\n  <section class=\"tcf-section tcf-section-soft\">\r\n    <div class=\"tcf-wrap\">\r\n      <div class=\"tcf-grid-3\">\r\n        <div class=\"tcf-card\">\r\n          <h3>Nommer les m\u00e9canismes<\/h3>\r\n          <p>Comprendre ce qui se joue derri\u00e8re la dispersion et la fatigue mentale.<\/p>\r\n        <\/div>\r\n        <div class=\"tcf-card\">\r\n          <h3>Retrouver du calme<\/h3>\r\n          <p>Sortir du bruit de fond num\u00e9rique qui fatigue votre esprit sans bruit.<\/p>\r\n        <\/div>\r\n        <div class=\"tcf-card\">\r\n          <h3>R\u00e9\u00e9duquer l\u2019attention<\/h3>\r\n          <p>Construire les bases d\u2019une concentration plus stable et plus profonde.<\/p>\r\n        <\/div>\r\n      <\/div>\r\n    <\/div>\r\n  <\/section>\r\n\r\n  <section class=\"tcf-section\">\r\n    <div class=\"tcf-wrap\">\r\n      <div class=\"tcf-dark-card tcf-center\">\r\n        <h2>Retrouvez une clart\u00e9 mentale plus stable<\/h2>\r\n        <p class=\"tcf-lead\" style=\"margin:0 auto 12px;\">Un ebook pour comprendre ce que l\u2019hyperconnexion fait \u00e0 votre cerveau \u2014 et commencer \u00e0 reprendre la main.<\/p>\r\n        <div class=\"tcf-actions\" style=\"justify-content:center;\">\r\n          <a class=\"tcf-btn tcf-btn-primary\" href=\"https:\/\/shop.theconsciousfeed.com\/paiement-votre-cerveau-a-lere-numerique\">Acheter cet ebook<\/a>\r\n          <a class=\"tcf-btn tcf-btn-secondary\" href=\"https:\/\/www.theconsciousfeed.com\/fr\/bundle\/\">Voir le bundle<\/a>\r\n        <\/div>\r\n      <\/div>\r\n    <\/div>\r\n  <\/section>\r\n\r\n<\/div>\t\t\t\t<\/div>\n\t\t\t\t<\/div>\n\t\t\t\t\t<\/div>\n\t\t\t\t<\/div>\n\t\t\t\t<\/div>\n\t\t","protected":false},"excerpt":{"rendered":"<p>Ebook 2 Votre cerveau \u00e0 l\u2019\u00e8re num\u00e9rique Un ebook pour comprendre comment l\u2019hyperconnexion fragilise l\u2019attention, la concentration et la clart\u00e9 [&hellip;]<\/p>\n","protected":false},"author":1,"featured_media":0,"parent":0,"menu_order":0,"comment_status":"closed","ping_status":"closed","template":"","meta":{"_surecart_dashboard_logo_width":"180px","_surecart_dashboard_show_logo":true,"_surecart_dashboard_navigation_orders":true,"_surecart_dashboard_navigation_invoices":true,"_surecart_dashboard_navigation_subscriptions":true,"_surecart_dashboard_navigation_downloads":true,"_surecart_dashboard_navigation_billing":true,"_surecart_dashboard_navigation_account":true,"site-sidebar-layout":"no-sidebar","site-content-layout":"","ast-site-content-layout":"full-width-container","site-content-style":"default","site-sidebar-style":"default","ast-global-header-display":"","ast-banner-title-visibility":"","ast-main-header-display":"","ast-hfb-above-header-display":"","ast-hfb-below-header-display":"","ast-hfb-mobile-header-display":"","site-post-title":"","ast-breadcrumbs-content":"","ast-featured-img":"disabled","footer-sml-layout":"","ast-disable-related-posts":"","theme-transparent-header-meta":"","adv-header-id-meta":"","stick-header-meta":"","header-above-stick-meta":"","header-main-stick-meta":"","header-below-stick-meta":"","astra-migrate-meta-layouts":"default","ast-page-background-enabled":"default","ast-page-background-meta":{"desktop":{"background-color":"var(--ast-global-color-4)","background-image":"","background-repeat":"repeat","background-position":"center center","background-size":"auto","background-attachment":"scroll","background-type":"","background-media":"","overlay-type":"","overlay-color":"","overlay-opacity":"","overlay-gradient":""},"tablet":{"background-color":"","background-image":"","background-repeat":"repeat","background-position":"center center","background-size":"auto","background-attachment":"scroll","background-type":"","background-media":"","overlay-type":"","overlay-color":"","overlay-opacity":"","overlay-gradient":""},"mobile":{"background-color":"","background-image":"","background-repeat":"repeat","background-position":"center center","background-size":"auto","background-attachment":"scroll","background-type":"","background-media":"","overlay-type":"","overlay-color":"","overlay-opacity":"","overlay-gradient":""}},"ast-content-background-meta":{"desktop":{"background-color":"var(--ast-global-color-5)","background-image":"","background-repeat":"repeat","background-position":"center center","background-size":"auto","background-attachment":"scroll","background-type":"","background-media":"","overlay-type":"","overlay-color":"","overlay-opacity":"","overlay-gradient":""},"tablet":{"background-color":"var(--ast-global-color-5)","background-image":"","background-repeat":"repeat","background-position":"center center","background-size":"auto","background-attachment":"scroll","background-type":"","background-media":"","overlay-type":"","overlay-color":"","overlay-opacity":"","overlay-gradient":""},"mobile":{"background-color":"var(--ast-global-color-5)","background-image":"","background-repeat":"repeat","background-position":"center center","background-size":"auto","background-attachment":"scroll","background-type":"","background-media":"","overlay-type":"","overlay-color":"","overlay-opacity":"","overlay-gradient":""}},"footnotes":""},"class_list":["post-1508","page","type-page","status-publish","hentry"],"yoast_head":"<!-- This site is optimized with the Yoast SEO plugin v27.3 - https:\/\/yoast.com\/product\/yoast-seo-wordpress\/ -->\n<title>Votre cerveau \u00e0 l\u2019\u00e8re num\u00e9rique | Retrouver concentration et clart\u00e9<\/title>\n<meta name=\"description\" content=\"Comprenez la surcharge cognitive, la dopamine et l\u2019attention pour retrouver concentration, cr\u00e9ativit\u00e9 et clart\u00e9 mentale.\" \/>\n<meta name=\"robots\" content=\"index, follow, max-snippet:-1, max-image-preview:large, max-video-preview:-1\" \/>\n<link rel=\"canonical\" href=\"https:\/\/www.theconsciousfeed.com\/fr\/fr-votre-cerveau-a-lere-numerique\/\" \/>\n<meta property=\"og:locale\" content=\"fr_FR\" \/>\n<meta property=\"og:type\" content=\"article\" \/>\n<meta property=\"og:title\" content=\"Votre cerveau \u00e0 l\u2019\u00e8re num\u00e9rique | Retrouver concentration et clart\u00e9\" \/>\n<meta property=\"og:description\" content=\"Comprenez la surcharge cognitive, la dopamine et l\u2019attention pour retrouver concentration, cr\u00e9ativit\u00e9 et clart\u00e9 mentale.\" \/>\n<meta property=\"og:url\" content=\"https:\/\/www.theconsciousfeed.com\/fr\/fr-votre-cerveau-a-lere-numerique\/\" \/>\n<meta property=\"og:site_name\" content=\"The Conscious Feed\" \/>\n<meta property=\"article:modified_time\" content=\"2026-04-21T11:26:53+00:00\" \/>\n<meta name=\"twitter:card\" content=\"summary_large_image\" \/>\n<meta name=\"twitter:label1\" content=\"Dur\u00e9e de lecture estim\u00e9e\" \/>\n\t<meta name=\"twitter:data1\" content=\"1 minute\" \/>\n<script type=\"application\/ld+json\" class=\"yoast-schema-graph\">{\"@context\":\"https:\\\/\\\/schema.org\",\"@graph\":[{\"@type\":\"WebPage\",\"@id\":\"https:\\\/\\\/www.theconsciousfeed.com\\\/fr\\\/fr-votre-cerveau-a-lere-numerique\\\/\",\"url\":\"https:\\\/\\\/www.theconsciousfeed.com\\\/fr\\\/fr-votre-cerveau-a-lere-numerique\\\/\",\"name\":\"Votre cerveau \u00e0 l\u2019\u00e8re num\u00e9rique | Retrouver concentration et clart\u00e9\",\"isPartOf\":{\"@id\":\"https:\\\/\\\/www.theconsciousfeed.com\\\/#website\"},\"datePublished\":\"2026-04-02T19:36:05+00:00\",\"dateModified\":\"2026-04-21T11:26:53+00:00\",\"description\":\"Comprenez la surcharge cognitive, la dopamine et l\u2019attention pour retrouver concentration, cr\u00e9ativit\u00e9 et clart\u00e9 mentale.\",\"breadcrumb\":{\"@id\":\"https:\\\/\\\/www.theconsciousfeed.com\\\/fr\\\/fr-votre-cerveau-a-lere-numerique\\\/#breadcrumb\"},\"inLanguage\":\"fr-FR\",\"potentialAction\":[{\"@type\":\"ReadAction\",\"target\":[\"https:\\\/\\\/www.theconsciousfeed.com\\\/fr\\\/fr-votre-cerveau-a-lere-numerique\\\/\"]}]},{\"@type\":\"BreadcrumbList\",\"@id\":\"https:\\\/\\\/www.theconsciousfeed.com\\\/fr\\\/fr-votre-cerveau-a-lere-numerique\\\/#breadcrumb\",\"itemListElement\":[{\"@type\":\"ListItem\",\"position\":1,\"name\":\"Accueil\",\"item\":\"https:\\\/\\\/www.theconsciousfeed.com\\\/fr\\\/\"},{\"@type\":\"ListItem\",\"position\":2,\"name\":\"Votre cerveau \u00e0 l\u2019\u00e8re num\u00e9rique\"}]},{\"@type\":\"WebSite\",\"@id\":\"https:\\\/\\\/www.theconsciousfeed.com\\\/#website\",\"url\":\"https:\\\/\\\/www.theconsciousfeed.com\\\/\",\"name\":\"The Conscious Feed\",\"description\":\"\",\"potentialAction\":[{\"@type\":\"SearchAction\",\"target\":{\"@type\":\"EntryPoint\",\"urlTemplate\":\"https:\\\/\\\/www.theconsciousfeed.com\\\/?s={search_term_string}\"},\"query-input\":{\"@type\":\"PropertyValueSpecification\",\"valueRequired\":true,\"valueName\":\"search_term_string\"}}],\"inLanguage\":\"fr-FR\"}]}<\/script>\n<!-- \/ Yoast SEO plugin. -->","yoast_head_json":{"title":"Votre cerveau \u00e0 l\u2019\u00e8re num\u00e9rique | Retrouver concentration et clart\u00e9","description":"Comprenez la surcharge cognitive, la dopamine et l\u2019attention pour retrouver concentration, cr\u00e9ativit\u00e9 et clart\u00e9 mentale.","robots":{"index":"index","follow":"follow","max-snippet":"max-snippet:-1","max-image-preview":"max-image-preview:large","max-video-preview":"max-video-preview:-1"},"canonical":"https:\/\/www.theconsciousfeed.com\/fr\/fr-votre-cerveau-a-lere-numerique\/","og_locale":"fr_FR","og_type":"article","og_title":"Votre cerveau \u00e0 l\u2019\u00e8re num\u00e9rique | Retrouver concentration et clart\u00e9","og_description":"Comprenez la surcharge cognitive, la dopamine et l\u2019attention pour retrouver concentration, cr\u00e9ativit\u00e9 et clart\u00e9 mentale.","og_url":"https:\/\/www.theconsciousfeed.com\/fr\/fr-votre-cerveau-a-lere-numerique\/","og_site_name":"The Conscious Feed","article_modified_time":"2026-04-21T11:26:53+00:00","twitter_card":"summary_large_image","twitter_misc":{"Dur\u00e9e de lecture estim\u00e9e":"1 minute"},"schema":{"@context":"https:\/\/schema.org","@graph":[{"@type":"WebPage","@id":"https:\/\/www.theconsciousfeed.com\/fr\/fr-votre-cerveau-a-lere-numerique\/","url":"https:\/\/www.theconsciousfeed.com\/fr\/fr-votre-cerveau-a-lere-numerique\/","name":"Votre cerveau \u00e0 l\u2019\u00e8re num\u00e9rique | Retrouver concentration et clart\u00e9","isPartOf":{"@id":"https:\/\/www.theconsciousfeed.com\/#website"},"datePublished":"2026-04-02T19:36:05+00:00","dateModified":"2026-04-21T11:26:53+00:00","description":"Comprenez la surcharge cognitive, la dopamine et l\u2019attention pour retrouver concentration, cr\u00e9ativit\u00e9 et clart\u00e9 mentale.","breadcrumb":{"@id":"https:\/\/www.theconsciousfeed.com\/fr\/fr-votre-cerveau-a-lere-numerique\/#breadcrumb"},"inLanguage":"fr-FR","potentialAction":[{"@type":"ReadAction","target":["https:\/\/www.theconsciousfeed.com\/fr\/fr-votre-cerveau-a-lere-numerique\/"]}]},{"@type":"BreadcrumbList","@id":"https:\/\/www.theconsciousfeed.com\/fr\/fr-votre-cerveau-a-lere-numerique\/#breadcrumb","itemListElement":[{"@type":"ListItem","position":1,"name":"Accueil","item":"https:\/\/www.theconsciousfeed.com\/fr\/"},{"@type":"ListItem","position":2,"name":"Votre cerveau \u00e0 l\u2019\u00e8re num\u00e9rique"}]},{"@type":"WebSite","@id":"https:\/\/www.theconsciousfeed.com\/#website","url":"https:\/\/www.theconsciousfeed.com\/","name":"The Conscious Feed","description":"","potentialAction":[{"@type":"SearchAction","target":{"@type":"EntryPoint","urlTemplate":"https:\/\/www.theconsciousfeed.com\/?s={search_term_string}"},"query-input":{"@type":"PropertyValueSpecification","valueRequired":true,"valueName":"search_term_string"}}],"inLanguage":"fr-FR"}]}},"_links":{"self":[{"href":"https:\/\/www.theconsciousfeed.com\/fr\/wp-json\/wp\/v2\/pages\/1508","targetHints":{"allow":["GET"]}}],"collection":[{"href":"https:\/\/www.theconsciousfeed.com\/fr\/wp-json\/wp\/v2\/pages"}],"about":[{"href":"https:\/\/www.theconsciousfeed.com\/fr\/wp-json\/wp\/v2\/types\/page"}],"author":[{"embeddable":true,"href":"https:\/\/www.theconsciousfeed.com\/fr\/wp-json\/wp\/v2\/users\/1"}],"replies":[{"embeddable":true,"href":"https:\/\/www.theconsciousfeed.com\/fr\/wp-json\/wp\/v2\/comments?post=1508"}],"version-history":[{"count":10,"href":"https:\/\/www.theconsciousfeed.com\/fr\/wp-json\/wp\/v2\/pages\/1508\/revisions"}],"predecessor-version":[{"id":1745,"href":"https:\/\/www.theconsciousfeed.com\/fr\/wp-json\/wp\/v2\/pages\/1508\/revisions\/1745"}],"wp:attachment":[{"href":"https:\/\/www.theconsciousfeed.com\/fr\/wp-json\/wp\/v2\/media?parent=1508"}],"curies":[{"name":"wp","href":"https:\/\/api.w.org\/{rel}","templated":true}]}}