{"id":1451,"date":"2026-04-02T17:22:58","date_gmt":"2026-04-02T17:22:58","guid":{"rendered":"https:\/\/www.theconsciousfeed.com\/?page_id=1451"},"modified":"2026-04-21T11:29:09","modified_gmt":"2026-04-21T11:29:09","slug":"fr-bundle","status":"publish","type":"page","link":"https:\/\/www.theconsciousfeed.com\/fr\/fr-bundle\/","title":{"rendered":"Bundle"},"content":{"rendered":"\t\t<div data-elementor-type=\"wp-page\" data-elementor-id=\"1451\" class=\"elementor elementor-1451\">\n\t\t\t\t<div class=\"elementor-element elementor-element-6932139 e-flex e-con-boxed e-con e-parent\" data-id=\"6932139\" data-element_type=\"container\" data-e-type=\"container\">\n\t\t\t\t\t<div class=\"e-con-inner\">\n\t\t\t\t<div class=\"elementor-element elementor-element-17db9db elementor-widget elementor-widget-html\" data-id=\"17db9db\" data-element_type=\"widget\" data-e-type=\"widget\" data-widget_type=\"html.default\">\n\t\t\t\t<div class=\"elementor-widget-container\">\n\t\t\t\t\t<div class=\"tcf-page\">\r\n\r\n  <section class=\"tcf-hero\">\r\n    <div class=\"tcf-wrap\">\r\n      <span class=\"tcf-eyebrow\">Offre premium<\/span>\r\n      <h1>Le bundle complet<\/h1>\r\n      <p class=\"tcf-lead\">Le parcours le plus complet pour comprendre vos usages num\u00e9riques, r\u00e9duire la fatigue mentale, reprendre la main sur vos automatismes et construire une relation plus consciente \u00e0 la technologie.<\/p>\r\n      <div class=\"tcf-actions\">\r\n        <a class=\"tcf-btn tcf-btn-primary\" href=\"https:\/\/shop.theconsciousfeed.com\/paiement-bundle\">Acheter le bundle<\/a>\r\n        <a class=\"tcf-btn tcf-btn-secondary\" href=\"https:\/\/shop.theconsciousfeed.com\/7-jours-dompter-vos-ecrans\">T\u00e9l\u00e9charger le guide gratuit<\/a>\r\n      <\/div>\r\n    <\/div>\r\n  <\/section>\r\n\r\n  <section class=\"tcf-section\">\r\n    <div class=\"tcf-wrap\">\r\n      <div class=\"tcf-grid-2\">\r\n        <div>\r\n          <span class=\"tcf-label\">Pourquoi le choisir ?<\/span>\r\n          <h2>Tout ce qu\u2019il vous faut pour reprendre durablement le contr\u00f4le<\/h2>\r\n          <p>Le bundle r\u00e9unit les 3 ebooks dans un parcours coh\u00e9rent : comprendre, agir, simplifier. C\u2019est l\u2019offre la plus compl\u00e8te si vous voulez avancer s\u00e9rieusement sans vous \u00e9parpiller.<\/p>\r\n        <\/div>\r\n        <div class=\"tcf-card\">\r\n          <h3>Ce que contient le bundle<\/h3>\r\n          <ul class=\"tcf-checks\">\r\n            <li>Domptez vos \u00e9crans<\/li>\r\n            <li>Votre cerveau \u00e0 l\u2019\u00e8re num\u00e9rique<\/li>\r\n            <li>Minimalisme num\u00e9rique<\/li>\r\n            <li>Une logique d\u2019ensemble claire et progressive<\/li>\r\n          <\/ul>\r\n        <\/div>\r\n      <\/div>\r\n    <\/div>\r\n  <\/section>\r\n\r\n  <section class=\"tcf-section tcf-section-soft\">\r\n    <div class=\"tcf-wrap\">\r\n      <div class=\"tcf-grid-3\">\r\n        <div class=\"tcf-card\">\r\n          <h3>Comprendre vos usages<\/h3>\r\n          <p>Voir les m\u00e9canismes invisibles qui capturent votre attention et \u00e9puisent votre \u00e9nergie.<\/p>\r\n        <\/div>\r\n        <div class=\"tcf-card\">\r\n          <h3>Reprendre la main<\/h3>\r\n          <p>Mettre en place des actions concr\u00e8tes pour r\u00e9duire les automatismes num\u00e9riques du quotidien.<\/p>\r\n        <\/div>\r\n        <div class=\"tcf-card\">\r\n          <h3>Construire la dur\u00e9e<\/h3>\r\n          <p>Cr\u00e9er un environnement digital plus calme, plus stable et plus intentionnel sur le long terme.<\/p>\r\n        <\/div>\r\n      <\/div>\r\n    <\/div>\r\n  <\/section>\r\n\r\n  <section class=\"tcf-section\">\r\n    <div class=\"tcf-wrap\">\r\n      <div class=\"tcf-dark-card tcf-center\">\r\n        <span class=\"tcf-label\">Le parcours le plus complet<\/span>\r\n        <h2>Choisissez l\u2019offre la plus compl\u00e8te<\/h2>\r\n        <p class=\"tcf-lead\" style=\"margin:0 auto 12px;\">Le bundle est le meilleur choix si vous voulez une transformation plus claire, plus structur\u00e9e et plus profonde.<\/p>\r\n        <div class=\"tcf-actions\" style=\"justify-content:center;\">\r\n          <a class=\"tcf-btn tcf-btn-primary\" href=\"https:\/\/shop.theconsciousfeed.com\/paiement-bundle\">Acheter le bundle<\/a>\r\n          <a class=\"tcf-btn tcf-btn-secondary\" href=\"https:\/\/www.theconsciousfeed.com\/fr\/ebooks\/\">Voir les ebooks s\u00e9par\u00e9ment<\/a>\r\n        <\/div>\r\n      <\/div>\r\n    <\/div>\r\n  <\/section>\r\n\r\n<\/div>\t\t\t\t<\/div>\n\t\t\t\t<\/div>\n\t\t\t\t\t<\/div>\n\t\t\t\t<\/div>\n\t\t\t\t<\/div>\n\t\t","protected":false},"excerpt":{"rendered":"<p>Offre premium Le bundle complet Le parcours le plus complet pour comprendre vos usages num\u00e9riques, r\u00e9duire la fatigue mentale, reprendre [&hellip;]<\/p>\n","protected":false},"author":1,"featured_media":0,"parent":0,"menu_order":0,"comment_status":"closed","ping_status":"closed","template":"","meta":{"_surecart_dashboard_logo_width":"180px","_surecart_dashboard_show_logo":true,"_surecart_dashboard_navigation_orders":true,"_surecart_dashboard_navigation_invoices":true,"_surecart_dashboard_navigation_subscriptions":true,"_surecart_dashboard_navigation_downloads":true,"_surecart_dashboard_navigation_billing":true,"_surecart_dashboard_navigation_account":true,"site-sidebar-layout":"no-sidebar","site-content-layout":"","ast-site-content-layout":"full-width-container","site-content-style":"default","site-sidebar-style":"default","ast-global-header-display":"","ast-banner-title-visibility":"","ast-main-header-display":"","ast-hfb-above-header-display":"","ast-hfb-below-header-display":"","ast-hfb-mobile-header-display":"","site-post-title":"","ast-breadcrumbs-content":"","ast-featured-img":"disabled","footer-sml-layout":"","ast-disable-related-posts":"","theme-transparent-header-meta":"","adv-header-id-meta":"","stick-header-meta":"","header-above-stick-meta":"","header-main-stick-meta":"","header-below-stick-meta":"","astra-migrate-meta-layouts":"default","ast-page-background-enabled":"default","ast-page-background-meta":{"desktop":{"background-color":"var(--ast-global-color-4)","background-image":"","background-repeat":"repeat","background-position":"center center","background-size":"auto","background-attachment":"scroll","background-type":"","background-media":"","overlay-type":"","overlay-color":"","overlay-opacity":"","overlay-gradient":""},"tablet":{"background-color":"","background-image":"","background-repeat":"repeat","background-position":"center center","background-size":"auto","background-attachment":"scroll","background-type":"","background-media":"","overlay-type":"","overlay-color":"","overlay-opacity":"","overlay-gradient":""},"mobile":{"background-color":"","background-image":"","background-repeat":"repeat","background-position":"center center","background-size":"auto","background-attachment":"scroll","background-type":"","background-media":"","overlay-type":"","overlay-color":"","overlay-opacity":"","overlay-gradient":""}},"ast-content-background-meta":{"desktop":{"background-color":"var(--ast-global-color-5)","background-image":"","background-repeat":"repeat","background-position":"center center","background-size":"auto","background-attachment":"scroll","background-type":"","background-media":"","overlay-type":"","overlay-color":"","overlay-opacity":"","overlay-gradient":""},"tablet":{"background-color":"var(--ast-global-color-5)","background-image":"","background-repeat":"repeat","background-position":"center center","background-size":"auto","background-attachment":"scroll","background-type":"","background-media":"","overlay-type":"","overlay-color":"","overlay-opacity":"","overlay-gradient":""},"mobile":{"background-color":"var(--ast-global-color-5)","background-image":"","background-repeat":"repeat","background-position":"center center","background-size":"auto","background-attachment":"scroll","background-type":"","background-media":"","overlay-type":"","overlay-color":"","overlay-opacity":"","overlay-gradient":""}},"footnotes":""},"class_list":["post-1451","page","type-page","status-publish","hentry"],"yoast_head":"<!-- This site is optimized with the Yoast SEO plugin v27.3 - https:\/\/yoast.com\/product\/yoast-seo-wordpress\/ -->\n<title>Bundle | Vie Digitale Consciente<\/title>\n<meta name=\"description\" content=\"Bundle : le pack complet pour reprendre le contr\u00f4le de vos \u00e9crans, retrouver votre concentration &amp; simplifier durablement votre vie digitale.\" \/>\n<meta name=\"robots\" content=\"index, follow, max-snippet:-1, max-image-preview:large, max-video-preview:-1\" \/>\n<link rel=\"canonical\" href=\"https:\/\/www.theconsciousfeed.com\/fr\/fr-bundle\/\" \/>\n<meta property=\"og:locale\" content=\"fr_FR\" \/>\n<meta property=\"og:type\" content=\"article\" \/>\n<meta property=\"og:title\" content=\"Bundle | Vie Digitale Consciente\" \/>\n<meta property=\"og:description\" content=\"Bundle : le pack complet pour reprendre le contr\u00f4le de vos \u00e9crans, retrouver votre concentration &amp; simplifier durablement votre vie digitale.\" \/>\n<meta property=\"og:url\" content=\"https:\/\/www.theconsciousfeed.com\/fr\/fr-bundle\/\" \/>\n<meta property=\"og:site_name\" content=\"The Conscious Feed\" \/>\n<meta property=\"article:modified_time\" content=\"2026-04-21T11:29:09+00:00\" \/>\n<meta name=\"twitter:card\" content=\"summary_large_image\" \/>\n<meta name=\"twitter:label1\" content=\"Dur\u00e9e de lecture estim\u00e9e\" \/>\n\t<meta name=\"twitter:data1\" content=\"1 minute\" \/>\n<script type=\"application\/ld+json\" class=\"yoast-schema-graph\">{\"@context\":\"https:\\\/\\\/schema.org\",\"@graph\":[{\"@type\":\"WebPage\",\"@id\":\"https:\\\/\\\/www.theconsciousfeed.com\\\/fr\\\/fr-bundle\\\/\",\"url\":\"https:\\\/\\\/www.theconsciousfeed.com\\\/fr\\\/fr-bundle\\\/\",\"name\":\"Bundle | Vie Digitale Consciente\",\"isPartOf\":{\"@id\":\"https:\\\/\\\/www.theconsciousfeed.com\\\/#website\"},\"datePublished\":\"2026-04-02T17:22:58+00:00\",\"dateModified\":\"2026-04-21T11:29:09+00:00\",\"description\":\"Bundle : le pack complet pour reprendre le contr\u00f4le de vos \u00e9crans, retrouver votre concentration & simplifier durablement votre vie digitale.\",\"breadcrumb\":{\"@id\":\"https:\\\/\\\/www.theconsciousfeed.com\\\/fr\\\/fr-bundle\\\/#breadcrumb\"},\"inLanguage\":\"fr-FR\",\"potentialAction\":[{\"@type\":\"ReadAction\",\"target\":[\"https:\\\/\\\/www.theconsciousfeed.com\\\/fr\\\/fr-bundle\\\/\"]}]},{\"@type\":\"BreadcrumbList\",\"@id\":\"https:\\\/\\\/www.theconsciousfeed.com\\\/fr\\\/fr-bundle\\\/#breadcrumb\",\"itemListElement\":[{\"@type\":\"ListItem\",\"position\":1,\"name\":\"Accueil\",\"item\":\"https:\\\/\\\/www.theconsciousfeed.com\\\/fr\\\/\"},{\"@type\":\"ListItem\",\"position\":2,\"name\":\"Bundle\"}]},{\"@type\":\"WebSite\",\"@id\":\"https:\\\/\\\/www.theconsciousfeed.com\\\/#website\",\"url\":\"https:\\\/\\\/www.theconsciousfeed.com\\\/\",\"name\":\"The Conscious Feed\",\"description\":\"\",\"potentialAction\":[{\"@type\":\"SearchAction\",\"target\":{\"@type\":\"EntryPoint\",\"urlTemplate\":\"https:\\\/\\\/www.theconsciousfeed.com\\\/?s={search_term_string}\"},\"query-input\":{\"@type\":\"PropertyValueSpecification\",\"valueRequired\":true,\"valueName\":\"search_term_string\"}}],\"inLanguage\":\"fr-FR\"}]}<\/script>\n<!-- \/ Yoast SEO plugin. -->","yoast_head_json":{"title":"Bundle | Vie Digitale Consciente","description":"Bundle : le pack complet pour reprendre le contr\u00f4le de vos \u00e9crans, retrouver votre concentration & simplifier durablement votre vie digitale.","robots":{"index":"index","follow":"follow","max-snippet":"max-snippet:-1","max-image-preview":"max-image-preview:large","max-video-preview":"max-video-preview:-1"},"canonical":"https:\/\/www.theconsciousfeed.com\/fr\/fr-bundle\/","og_locale":"fr_FR","og_type":"article","og_title":"Bundle | Vie Digitale Consciente","og_description":"Bundle : le pack complet pour reprendre le contr\u00f4le de vos \u00e9crans, retrouver votre concentration & simplifier durablement votre vie digitale.","og_url":"https:\/\/www.theconsciousfeed.com\/fr\/fr-bundle\/","og_site_name":"The Conscious Feed","article_modified_time":"2026-04-21T11:29:09+00:00","twitter_card":"summary_large_image","twitter_misc":{"Dur\u00e9e de lecture estim\u00e9e":"1 minute"},"schema":{"@context":"https:\/\/schema.org","@graph":[{"@type":"WebPage","@id":"https:\/\/www.theconsciousfeed.com\/fr\/fr-bundle\/","url":"https:\/\/www.theconsciousfeed.com\/fr\/fr-bundle\/","name":"Bundle | Vie Digitale Consciente","isPartOf":{"@id":"https:\/\/www.theconsciousfeed.com\/#website"},"datePublished":"2026-04-02T17:22:58+00:00","dateModified":"2026-04-21T11:29:09+00:00","description":"Bundle : le pack complet pour reprendre le contr\u00f4le de vos \u00e9crans, retrouver votre concentration & simplifier durablement votre vie digitale.","breadcrumb":{"@id":"https:\/\/www.theconsciousfeed.com\/fr\/fr-bundle\/#breadcrumb"},"inLanguage":"fr-FR","potentialAction":[{"@type":"ReadAction","target":["https:\/\/www.theconsciousfeed.com\/fr\/fr-bundle\/"]}]},{"@type":"BreadcrumbList","@id":"https:\/\/www.theconsciousfeed.com\/fr\/fr-bundle\/#breadcrumb","itemListElement":[{"@type":"ListItem","position":1,"name":"Accueil","item":"https:\/\/www.theconsciousfeed.com\/fr\/"},{"@type":"ListItem","position":2,"name":"Bundle"}]},{"@type":"WebSite","@id":"https:\/\/www.theconsciousfeed.com\/#website","url":"https:\/\/www.theconsciousfeed.com\/","name":"The Conscious Feed","description":"","potentialAction":[{"@type":"SearchAction","target":{"@type":"EntryPoint","urlTemplate":"https:\/\/www.theconsciousfeed.com\/?s={search_term_string}"},"query-input":{"@type":"PropertyValueSpecification","valueRequired":true,"valueName":"search_term_string"}}],"inLanguage":"fr-FR"}]}},"_links":{"self":[{"href":"https:\/\/www.theconsciousfeed.com\/fr\/wp-json\/wp\/v2\/pages\/1451","targetHints":{"allow":["GET"]}}],"collection":[{"href":"https:\/\/www.theconsciousfeed.com\/fr\/wp-json\/wp\/v2\/pages"}],"about":[{"href":"https:\/\/www.theconsciousfeed.com\/fr\/wp-json\/wp\/v2\/types\/page"}],"author":[{"embeddable":true,"href":"https:\/\/www.theconsciousfeed.com\/fr\/wp-json\/wp\/v2\/users\/1"}],"replies":[{"embeddable":true,"href":"https:\/\/www.theconsciousfeed.com\/fr\/wp-json\/wp\/v2\/comments?post=1451"}],"version-history":[{"count":32,"href":"https:\/\/www.theconsciousfeed.com\/fr\/wp-json\/wp\/v2\/pages\/1451\/revisions"}],"predecessor-version":[{"id":1751,"href":"https:\/\/www.theconsciousfeed.com\/fr\/wp-json\/wp\/v2\/pages\/1451\/revisions\/1751"}],"wp:attachment":[{"href":"https:\/\/www.theconsciousfeed.com\/fr\/wp-json\/wp\/v2\/media?parent=1451"}],"curies":[{"name":"wp","href":"https:\/\/api.w.org\/{rel}","templated":true}]}}