{"id":1309,"date":"2025-10-30T18:17:09","date_gmt":"2025-10-30T18:17:09","guid":{"rendered":"https:\/\/www.theconsciousfeed.com\/?page_id=1309"},"modified":"2026-04-21T11:32:18","modified_gmt":"2026-04-21T11:32:18","slug":"fr-contact","status":"publish","type":"page","link":"https:\/\/www.theconsciousfeed.com\/en\/fr-contact\/","title":{"rendered":"Contact"},"content":{"rendered":"\t\t<div data-elementor-type=\"wp-page\" data-elementor-id=\"1309\" class=\"elementor elementor-1309\">\n\t\t\t\t<div class=\"elementor-element elementor-element-30217cf e-flex e-con-boxed e-con e-parent\" data-id=\"30217cf\" data-element_type=\"container\" data-e-type=\"container\">\n\t\t\t\t\t<div class=\"e-con-inner\">\n\t\t\t\t<div class=\"elementor-element elementor-element-0ff3ccc elementor-widget elementor-widget-html\" data-id=\"0ff3ccc\" data-element_type=\"widget\" data-e-type=\"widget\" data-widget_type=\"html.default\">\n\t\t\t\t<div class=\"elementor-widget-container\">\n\t\t\t\t\t<div class=\"tcf-page\">\r\n\r\n  <section class=\"tcf-hero\">\r\n    <div class=\"tcf-wrap\">\r\n      <span class=\"tcf-eyebrow\">Contact<\/span>\r\n      <h1>Contact<\/h1>\r\n      <p class=\"tcf-lead\">Une question sur les ebooks, le bundle, le guide gratuit ou l\u2019approche du site ? Vous pouvez me laisser un message ici.<\/p>\r\n    <\/div>\r\n  <\/section>\r\n\r\n  <section class=\"tcf-section\">\r\n    <div class=\"tcf-wrap\">\r\n      <div class=\"tcf-grid-2\">\r\n        <div>\r\n          <h2>\u00c9crire \u00e0 The Conscious Feed<\/h2>\r\n          <p>Utilisez le formulaire de contact de votre site ou indiquez ici votre adresse email professionnelle.<\/p>\r\n          <p>Vous pouvez \u00e9crire pour une question li\u00e9e aux ressources, \u00e0 une commande, \u00e0 une collaboration ou \u00e0 l\u2019univers du site.<\/p>\r\n        <\/div>\r\n        <div class=\"tcf-card\">\r\n          <h3>Informations utiles<\/h3>\r\n          <ul class=\"tcf-checks\">\r\n            <li>Questions sur les ebooks<\/li>\r\n            <li>Questions sur le bundle<\/li>\r\n            <li>Probl\u00e8mes d\u2019acc\u00e8s ou de r\u00e9ception<\/li>\r\n            <li>Demandes g\u00e9n\u00e9rales ou collaborations<\/li>\r\n          <\/ul>\r\n        <\/div>\r\n      <\/div>\r\n    <\/div>\r\n  <\/section>\r\n\r\n<\/div>\t\t\t\t<\/div>\n\t\t\t\t<\/div>\n\t\t\t\t\t<\/div>\n\t\t\t\t<\/div>\n\t\t<div class=\"elementor-element elementor-element-0933262 e-flex e-con-boxed e-con e-parent\" data-id=\"0933262\" data-element_type=\"container\" data-e-type=\"container\">\n\t\t\t\t\t<div class=\"e-con-inner\">\n\t\t\t\t<div class=\"elementor-element elementor-element-f856a44 elementor-widget elementor-widget-wpforms\" data-id=\"f856a44\" data-element_type=\"widget\" data-e-type=\"widget\" data-widget_type=\"wpforms.default\">\n\t\t\t\t<div class=\"elementor-widget-container\">\n\t\t\t\t\t<style id=\"wpforms-css-vars-elementor-widget-f856a44\">\n\t\t\t\t.elementor-widget-wpforms.elementor-element-f856a44 {\n\t\t\t\t--wpforms-label-color: #25572A;\n--wpforms-button-background-color: #25572A;\n\t\t\t}\n\t\t\t<\/style><div class=\"wpforms-container wpforms-container-full wpforms-render-modern\" id=\"wpforms-1313\"><form id=\"wpforms-form-1313\" class=\"wpforms-validate wpforms-form wpforms-ajax-form\" data-formid=\"1313\" method=\"post\" enctype=\"multipart\/form-data\" action=\"\/en\/wp-json\/wp\/v2\/pages\/1309\" data-token=\"bc99d652e202308034749a320014292a\" data-token-time=\"1777509886\"><noscript class=\"wpforms-error-noscript\">Please enable JavaScript in your browser to complete this form.<\/noscript><div id=\"wpforms-error-noscript\" style=\"display: none;\">Please enable JavaScript in your browser to complete this form.<\/div><div class=\"wpforms-field-container\"><div id=\"wpforms-1313-field_1-container\" class=\"wpforms-field wpforms-field-name\" data-field-id=\"1\"><fieldset><legend class=\"wpforms-field-label\">Nom <span class=\"wpforms-required-label\" aria-hidden=\"true\">*<\/span><\/legend><div class=\"wpforms-field-row wpforms-field-medium\"><div class=\"wpforms-field-row-block wpforms-first wpforms-one-half\"><input type=\"text\" id=\"wpforms-1313-field_1\" class=\"wpforms-field-name-first wpforms-field-required\" name=\"wpforms[fields][1][first]\" aria-errormessage=\"wpforms-1313-field_1-error\" required><label for=\"wpforms-1313-field_1\" class=\"wpforms-field-sublabel after\">First<\/label><\/div><div class=\"wpforms-field-row-block wpforms-one-half\"><input type=\"text\" id=\"wpforms-1313-field_1-last\" class=\"wpforms-field-name-last wpforms-field-required\" name=\"wpforms[fields][1][last]\" aria-errormessage=\"wpforms-1313-field_1-last-error\" required><label for=\"wpforms-1313-field_1-last\" class=\"wpforms-field-sublabel after\">Last<\/label><\/div><\/div><\/fieldset><\/div>\t\t<div id=\"wpforms-1313-field_4-container\"\n\t\t\tclass=\"wpforms-field wpforms-field-text\"\n\t\t\tdata-field-type=\"text\"\n\t\t\tdata-field-id=\"4\"\n\t\t\t>\n\t\t\t<label class=\"wpforms-field-label\" for=\"wpforms-1313-field_4\" >E-mail Commentaire ou<\/label>\n\t\t\t<input type=\"text\" id=\"wpforms-1313-field_4\" class=\"wpforms-field-medium\" name=\"wpforms[fields][4]\" >\n\t\t<\/div>\n\t\t<div id=\"wpforms-1313-field_2-container\" class=\"wpforms-field wpforms-field-email\" data-field-id=\"2\"><label class=\"wpforms-field-label\" for=\"wpforms-1313-field_2\">E-mail <span class=\"wpforms-required-label\" aria-hidden=\"true\">*<\/span><\/label><input type=\"email\" id=\"wpforms-1313-field_2\" class=\"wpforms-field-medium wpforms-field-required\" name=\"wpforms[fields][2]\" spellcheck=\"false\" aria-errormessage=\"wpforms-1313-field_2-error\" required><\/div><div id=\"wpforms-1313-field_3-container\" class=\"wpforms-field wpforms-field-textarea\" data-field-id=\"3\"><label class=\"wpforms-field-label\" for=\"wpforms-1313-field_3\">Commentaire ou message<\/label><textarea id=\"wpforms-1313-field_3\" class=\"wpforms-field-medium\" name=\"wpforms[fields][3]\" aria-errormessage=\"wpforms-1313-field_3-error\" ><\/textarea><\/div><script>\n\t\t\t\t( function() {\n\t\t\t\t\tconst style = document.createElement( 'style' );\n\t\t\t\t\tstyle.appendChild( document.createTextNode( '#wpforms-1313-field_4-container { position: absolute !important; overflow: hidden !important; display: inline !important; height: 1px !important; width: 1px !important; z-index: -1000 !important; padding: 0 !important; } #wpforms-1313-field_4-container input { visibility: hidden; } #wpforms-conversational-form-page #wpforms-1313-field_4-container label { counter-increment: none; }' ) );\n\t\t\t\t\tdocument.head.appendChild( style );\n\t\t\t\t\tdocument.currentScript?.remove();\n\t\t\t\t} )();\n\t\t\t<\/script><\/div><!-- .wpforms-field-container --><div class=\"wpforms-submit-container\" ><input type=\"hidden\" name=\"wpforms[id]\" value=\"1313\"><input type=\"hidden\" name=\"page_title\" value=\"\"><input type=\"hidden\" name=\"page_url\" value=\"https:\/\/www.theconsciousfeed.com\/en\/wp-json\/wp\/v2\/pages\/1309\"><input type=\"hidden\" name=\"url_referer\" value=\"\"><button type=\"submit\" name=\"wpforms[submit]\" id=\"wpforms-submit-1313\" class=\"wpforms-submit\" data-alt-text=\"Envoi...\" data-submit-text=\"Envoyer\" aria-live=\"assertive\" value=\"wpforms-submit\">Envoyer<\/button><img decoding=\"async\" src=\"https:\/\/www.theconsciousfeed.com\/wp-content\/plugins\/wpforms-lite\/assets\/images\/submit-spin.svg\" class=\"wpforms-submit-spinner\" style=\"display: none;\" width=\"26\" height=\"26\" alt=\"Loading\" title=\"Contact\"><\/div><\/form><\/div>  <!-- .wpforms-container -->\t\t\t\t<\/div>\n\t\t\t\t<\/div>\n\t\t\t\t\t<\/div>\n\t\t\t\t<\/div>\n\t\t\t\t<\/div>\n\t\t","protected":false},"excerpt":{"rendered":"<p>Contact Contact Une question sur les ebooks, le bundle, le guide gratuit ou l\u2019approche du site ? Vous pouvez me [&hellip;]<\/p>\n","protected":false},"author":1,"featured_media":0,"parent":0,"menu_order":0,"comment_status":"closed","ping_status":"closed","template":"","meta":{"_surecart_dashboard_logo_width":"180px","_surecart_dashboard_show_logo":true,"_surecart_dashboard_navigation_orders":true,"_surecart_dashboard_navigation_invoices":true,"_surecart_dashboard_navigation_subscriptions":true,"_surecart_dashboard_navigation_downloads":true,"_surecart_dashboard_navigation_billing":true,"_surecart_dashboard_navigation_account":true,"site-sidebar-layout":"no-sidebar","site-content-layout":"","ast-site-content-layout":"full-width-container","site-content-style":"default","site-sidebar-style":"default","ast-global-header-display":"","ast-banner-title-visibility":"","ast-main-header-display":"","ast-hfb-above-header-display":"","ast-hfb-below-header-display":"","ast-hfb-mobile-header-display":"","site-post-title":"","ast-breadcrumbs-content":"","ast-featured-img":"disabled","footer-sml-layout":"","ast-disable-related-posts":"","theme-transparent-header-meta":"","adv-header-id-meta":"","stick-header-meta":"","header-above-stick-meta":"","header-main-stick-meta":"","header-below-stick-meta":"","astra-migrate-meta-layouts":"default","ast-page-background-enabled":"default","ast-page-background-meta":{"desktop":{"background-color":"var(--ast-global-color-4)","background-image":"","background-repeat":"repeat","background-position":"center center","background-size":"auto","background-attachment":"scroll","background-type":"","background-media":"","overlay-type":"","overlay-color":"","overlay-opacity":"","overlay-gradient":""},"tablet":{"background-color":"","background-image":"","background-repeat":"repeat","background-position":"center center","background-size":"auto","background-attachment":"scroll","background-type":"","background-media":"","overlay-type":"","overlay-color":"","overlay-opacity":"","overlay-gradient":""},"mobile":{"background-color":"","background-image":"","background-repeat":"repeat","background-position":"center center","background-size":"auto","background-attachment":"scroll","background-type":"","background-media":"","overlay-type":"","overlay-color":"","overlay-opacity":"","overlay-gradient":""}},"ast-content-background-meta":{"desktop":{"background-color":"var(--ast-global-color-5)","background-image":"","background-repeat":"repeat","background-position":"center center","background-size":"auto","background-attachment":"scroll","background-type":"","background-media":"","overlay-type":"","overlay-color":"","overlay-opacity":"","overlay-gradient":""},"tablet":{"background-color":"var(--ast-global-color-5)","background-image":"","background-repeat":"repeat","background-position":"center center","background-size":"auto","background-attachment":"scroll","background-type":"","background-media":"","overlay-type":"","overlay-color":"","overlay-opacity":"","overlay-gradient":""},"mobile":{"background-color":"var(--ast-global-color-5)","background-image":"","background-repeat":"repeat","background-position":"center center","background-size":"auto","background-attachment":"scroll","background-type":"","background-media":"","overlay-type":"","overlay-color":"","overlay-opacity":"","overlay-gradient":""}},"footnotes":""},"class_list":["post-1309","page","type-page","status-publish","hentry"],"yoast_head":"<!-- This site is optimized with the Yoast SEO plugin v27.3 - https:\/\/yoast.com\/product\/yoast-seo-wordpress\/ -->\n<title>Contact | Vie Digitale Consciente<\/title>\n<meta name=\"description\" content=\"Une question sur les ebooks, le bundle ou votre commande ? Contactez theconsciousfeed.\" \/>\n<meta name=\"robots\" content=\"index, follow, max-snippet:-1, max-image-preview:large, max-video-preview:-1\" \/>\n<link rel=\"canonical\" href=\"https:\/\/www.theconsciousfeed.com\/en\/fr-contact\/\" \/>\n<meta property=\"og:locale\" content=\"en_US\" \/>\n<meta property=\"og:type\" content=\"article\" \/>\n<meta property=\"og:title\" content=\"Contact | Vie Digitale Consciente\" \/>\n<meta property=\"og:description\" content=\"Une question sur les ebooks, le bundle ou votre commande ? Contactez theconsciousfeed.\" \/>\n<meta property=\"og:url\" content=\"https:\/\/www.theconsciousfeed.com\/en\/fr-contact\/\" \/>\n<meta property=\"og:site_name\" content=\"The Conscious Feed\" \/>\n<meta property=\"article:modified_time\" content=\"2026-04-21T11:32:18+00:00\" \/>\n<meta property=\"og:image\" content=\"https:\/\/www.theconsciousfeed.com\/wp-content\/plugins\/wpforms-lite\/assets\/images\/submit-spin.svg\" \/>\n<meta name=\"twitter:card\" content=\"summary_large_image\" \/>\n<meta name=\"twitter:label1\" content=\"Est. reading time\" \/>\n\t<meta name=\"twitter:data1\" content=\"1 minute\" \/>\n<script type=\"application\/ld+json\" class=\"yoast-schema-graph\">{\"@context\":\"https:\\\/\\\/schema.org\",\"@graph\":[{\"@type\":\"WebPage\",\"@id\":\"https:\\\/\\\/www.theconsciousfeed.com\\\/fr\\\/fr-contact\\\/\",\"url\":\"https:\\\/\\\/www.theconsciousfeed.com\\\/fr\\\/fr-contact\\\/\",\"name\":\"Contact | Vie Digitale Consciente\",\"isPartOf\":{\"@id\":\"https:\\\/\\\/www.theconsciousfeed.com\\\/#website\"},\"primaryImageOfPage\":{\"@id\":\"https:\\\/\\\/www.theconsciousfeed.com\\\/fr\\\/fr-contact\\\/#primaryimage\"},\"image\":{\"@id\":\"https:\\\/\\\/www.theconsciousfeed.com\\\/fr\\\/fr-contact\\\/#primaryimage\"},\"thumbnailUrl\":\"https:\\\/\\\/www.theconsciousfeed.com\\\/wp-content\\\/plugins\\\/wpforms-lite\\\/assets\\\/images\\\/submit-spin.svg\",\"datePublished\":\"2025-10-30T18:17:09+00:00\",\"dateModified\":\"2026-04-21T11:32:18+00:00\",\"description\":\"Une question sur les ebooks, le bundle ou votre commande ? Contactez theconsciousfeed.\",\"breadcrumb\":{\"@id\":\"https:\\\/\\\/www.theconsciousfeed.com\\\/fr\\\/fr-contact\\\/#breadcrumb\"},\"inLanguage\":\"en-US\",\"potentialAction\":[{\"@type\":\"ReadAction\",\"target\":[\"https:\\\/\\\/www.theconsciousfeed.com\\\/fr\\\/fr-contact\\\/\"]}]},{\"@type\":\"ImageObject\",\"inLanguage\":\"en-US\",\"@id\":\"https:\\\/\\\/www.theconsciousfeed.com\\\/fr\\\/fr-contact\\\/#primaryimage\",\"url\":\"https:\\\/\\\/www.theconsciousfeed.com\\\/wp-content\\\/plugins\\\/wpforms-lite\\\/assets\\\/images\\\/submit-spin.svg\",\"contentUrl\":\"https:\\\/\\\/www.theconsciousfeed.com\\\/wp-content\\\/plugins\\\/wpforms-lite\\\/assets\\\/images\\\/submit-spin.svg\"},{\"@type\":\"BreadcrumbList\",\"@id\":\"https:\\\/\\\/www.theconsciousfeed.com\\\/fr\\\/fr-contact\\\/#breadcrumb\",\"itemListElement\":[{\"@type\":\"ListItem\",\"position\":1,\"name\":\"Accueil\",\"item\":\"https:\\\/\\\/www.theconsciousfeed.com\\\/fr\\\/\"},{\"@type\":\"ListItem\",\"position\":2,\"name\":\"Contact\"}]},{\"@type\":\"WebSite\",\"@id\":\"https:\\\/\\\/www.theconsciousfeed.com\\\/#website\",\"url\":\"https:\\\/\\\/www.theconsciousfeed.com\\\/\",\"name\":\"The Conscious Feed\",\"description\":\"\",\"potentialAction\":[{\"@type\":\"SearchAction\",\"target\":{\"@type\":\"EntryPoint\",\"urlTemplate\":\"https:\\\/\\\/www.theconsciousfeed.com\\\/?s={search_term_string}\"},\"query-input\":{\"@type\":\"PropertyValueSpecification\",\"valueRequired\":true,\"valueName\":\"search_term_string\"}}],\"inLanguage\":\"en-US\"}]}<\/script>\n<!-- \/ Yoast SEO plugin. -->","yoast_head_json":{"title":"Contact | Vie Digitale Consciente","description":"Une question sur les ebooks, le bundle ou votre commande ? Contactez theconsciousfeed.","robots":{"index":"index","follow":"follow","max-snippet":"max-snippet:-1","max-image-preview":"max-image-preview:large","max-video-preview":"max-video-preview:-1"},"canonical":"https:\/\/www.theconsciousfeed.com\/en\/fr-contact\/","og_locale":"en_US","og_type":"article","og_title":"Contact | Vie Digitale Consciente","og_description":"Une question sur les ebooks, le bundle ou votre commande ? Contactez theconsciousfeed.","og_url":"https:\/\/www.theconsciousfeed.com\/en\/fr-contact\/","og_site_name":"The Conscious Feed","article_modified_time":"2026-04-21T11:32:18+00:00","og_image":[{"url":"https:\/\/www.theconsciousfeed.com\/wp-content\/plugins\/wpforms-lite\/assets\/images\/submit-spin.svg","type":"","width":"","height":""}],"twitter_card":"summary_large_image","twitter_misc":{"Est. reading time":"1 minute"},"schema":{"@context":"https:\/\/schema.org","@graph":[{"@type":"WebPage","@id":"https:\/\/www.theconsciousfeed.com\/fr\/fr-contact\/","url":"https:\/\/www.theconsciousfeed.com\/fr\/fr-contact\/","name":"Contact | Vie Digitale Consciente","isPartOf":{"@id":"https:\/\/www.theconsciousfeed.com\/#website"},"primaryImageOfPage":{"@id":"https:\/\/www.theconsciousfeed.com\/fr\/fr-contact\/#primaryimage"},"image":{"@id":"https:\/\/www.theconsciousfeed.com\/fr\/fr-contact\/#primaryimage"},"thumbnailUrl":"https:\/\/www.theconsciousfeed.com\/wp-content\/plugins\/wpforms-lite\/assets\/images\/submit-spin.svg","datePublished":"2025-10-30T18:17:09+00:00","dateModified":"2026-04-21T11:32:18+00:00","description":"Une question sur les ebooks, le bundle ou votre commande ? Contactez theconsciousfeed.","breadcrumb":{"@id":"https:\/\/www.theconsciousfeed.com\/fr\/fr-contact\/#breadcrumb"},"inLanguage":"en-US","potentialAction":[{"@type":"ReadAction","target":["https:\/\/www.theconsciousfeed.com\/fr\/fr-contact\/"]}]},{"@type":"ImageObject","inLanguage":"en-US","@id":"https:\/\/www.theconsciousfeed.com\/fr\/fr-contact\/#primaryimage","url":"https:\/\/www.theconsciousfeed.com\/wp-content\/plugins\/wpforms-lite\/assets\/images\/submit-spin.svg","contentUrl":"https:\/\/www.theconsciousfeed.com\/wp-content\/plugins\/wpforms-lite\/assets\/images\/submit-spin.svg"},{"@type":"BreadcrumbList","@id":"https:\/\/www.theconsciousfeed.com\/fr\/fr-contact\/#breadcrumb","itemListElement":[{"@type":"ListItem","position":1,"name":"Accueil","item":"https:\/\/www.theconsciousfeed.com\/fr\/"},{"@type":"ListItem","position":2,"name":"Contact"}]},{"@type":"WebSite","@id":"https:\/\/www.theconsciousfeed.com\/#website","url":"https:\/\/www.theconsciousfeed.com\/","name":"The Conscious Feed","description":"","potentialAction":[{"@type":"SearchAction","target":{"@type":"EntryPoint","urlTemplate":"https:\/\/www.theconsciousfeed.com\/?s={search_term_string}"},"query-input":{"@type":"PropertyValueSpecification","valueRequired":true,"valueName":"search_term_string"}}],"inLanguage":"en-US"}]}},"_links":{"self":[{"href":"https:\/\/www.theconsciousfeed.com\/en\/wp-json\/wp\/v2\/pages\/1309","targetHints":{"allow":["GET"]}}],"collection":[{"href":"https:\/\/www.theconsciousfeed.com\/en\/wp-json\/wp\/v2\/pages"}],"about":[{"href":"https:\/\/www.theconsciousfeed.com\/en\/wp-json\/wp\/v2\/types\/page"}],"author":[{"embeddable":true,"href":"https:\/\/www.theconsciousfeed.com\/en\/wp-json\/wp\/v2\/users\/1"}],"replies":[{"embeddable":true,"href":"https:\/\/www.theconsciousfeed.com\/en\/wp-json\/wp\/v2\/comments?post=1309"}],"version-history":[{"count":14,"href":"https:\/\/www.theconsciousfeed.com\/en\/wp-json\/wp\/v2\/pages\/1309\/revisions"}],"predecessor-version":[{"id":1757,"href":"https:\/\/www.theconsciousfeed.com\/en\/wp-json\/wp\/v2\/pages\/1309\/revisions\/1757"}],"wp:attachment":[{"href":"https:\/\/www.theconsciousfeed.com\/en\/wp-json\/wp\/v2\/media?parent=1309"}],"curies":[{"name":"wp","href":"https:\/\/api.w.org\/{rel}","templated":true}]}}